{"id":2211,"date":"2025-11-12T13:53:25","date_gmt":"2025-11-12T12:53:25","guid":{"rendered":"https:\/\/artuktuk.com\/?page_id=2211"},"modified":"2026-02-11T21:05:07","modified_gmt":"2026-02-11T20:05:07","slug":"aviso-legal","status":"publish","type":"page","link":"https:\/\/artuktuk.com\/en\/aviso-legal\/","title":{"rendered":"Aviso legal"},"content":{"rendered":"<div data-elementor-type=\"wp-page\" data-elementor-id=\"2211\" class=\"elementor elementor-2211\" data-elementor-post-type=\"page\">\n\t\t\t\t<div class=\"elementor-element elementor-element-ed96cf6 e-flex e-con-boxed e-con e-parent\" data-id=\"ed96cf6\" data-element_type=\"container\">\n\t\t\t\t\t<div class=\"e-con-inner\">\n\t\t\t\t<div class=\"elementor-element elementor-element-e9c9dab elementor-widget elementor-widget-text-editor\" data-id=\"e9c9dab\" data-element_type=\"widget\" data-widget_type=\"text-editor.default\">\n\t\t\t\t\t\t\t\t\t<h1 data-start=\"431\" data-end=\"771\"><strong>AVISO LEGAL<\/strong><\/h1><p data-start=\"431\" data-end=\"771\"><strong data-start=\"431\" data-end=\"443\">Titular:<\/strong> ARTUK TUK, S.L.<br data-start=\"459\" data-end=\"462\" \/><strong data-start=\"462\" data-end=\"470\">CIF:<\/strong> B22528525<br data-start=\"480\" data-end=\"483\" \/><strong data-start=\"483\" data-end=\"504\">Domicilio social:<\/strong><br data-start=\"532\" data-end=\"535\" \/><strong data-start=\"535\" data-end=\"558\">Correo electr\u00f3nico:<\/strong>\u00a0booking<a class=\"decorated-link cursor-pointer\" rel=\"noopener\">@artuktuk.com<\/a><br data-start=\"618\" data-end=\"621\" \/><strong data-start=\"621\" data-end=\"646\">Tel\u00e9fono de contacto:<\/strong> +34 609 78 08 26<br data-start=\"678\" data-end=\"681\" \/><strong data-start=\"681\" data-end=\"771\">Inscrita en el Registro Mercantil de Madrid, Tomo [xxx], Folio [xxx], Hoja [xxx].<\/strong><\/p><hr data-start=\"773\" data-end=\"776\" \/><h3 data-start=\"778\" data-end=\"791\">1. Objeto<\/h3><p data-start=\"792\" data-end=\"1008\">El presente sitio web tiene por objeto ofrecer informaci\u00f3n sobre los servicios tur\u00edsticos en tuktuk que presta <strong data-start=\"903\" data-end=\"922\">ARTUK TUK, S.L.<\/strong>, as\u00ed como facilitar el contacto con la empresa y la contrataci\u00f3n de dichos servicios.<\/p><hr data-start=\"1010\" data-end=\"1013\" \/><h3 data-start=\"1015\" data-end=\"1040\">2. Condiciones de uso<\/h3><p data-start=\"1041\" data-end=\"1354\">El acceso y uso de este sitio web atribuye la condici\u00f3n de usuario, implicando la aceptaci\u00f3n plena y sin reservas de las disposiciones incluidas en este aviso legal.<br data-start=\"1206\" data-end=\"1209\" \/>El usuario se compromete a hacer un uso adecuado del sitio web y de sus contenidos, respetando la legislaci\u00f3n vigente y los derechos de terceros.<\/p><hr data-start=\"1356\" data-end=\"1359\" \/><h3 data-start=\"1361\" data-end=\"1402\">3. Propiedad intelectual e industrial<\/h3><p data-start=\"1403\" data-end=\"1780\">Todos los contenidos del sitio web (textos, im\u00e1genes, logotipos, v\u00eddeos, dise\u00f1os, etc.) son titularidad de <strong data-start=\"1510\" data-end=\"1529\">ARTUK TUK, S.L.<\/strong> o de terceros autorizados, y est\u00e1n protegidos por la normativa de propiedad intelectual e industrial.<br data-start=\"1631\" data-end=\"1634\" \/>Queda prohibida la reproducci\u00f3n, distribuci\u00f3n o comunicaci\u00f3n p\u00fablica total o parcial de dichos contenidos sin la autorizaci\u00f3n expresa del titular.<\/p><hr data-start=\"1782\" data-end=\"1785\" \/><h3 data-start=\"1787\" data-end=\"1809\">4. Responsabilidad<\/h3><p data-start=\"1810\" data-end=\"2083\"><strong data-start=\"1810\" data-end=\"1829\">ARTUK TUK, S.L.<\/strong> no se hace responsable de los da\u00f1os o perjuicios derivados del mal uso de los contenidos del sitio web o de posibles errores o interrupciones en su funcionamiento.<br data-start=\"1993\" data-end=\"1996\" \/>Asimismo, se reserva el derecho a modificar o eliminar los contenidos sin previo aviso.<\/p><hr data-start=\"2085\" data-end=\"2088\" \/><h3 data-start=\"2090\" data-end=\"2104\">5. Enlaces<\/h3><p data-start=\"2105\" data-end=\"2327\">Este sitio web puede contener enlaces a p\u00e1ginas externas. <strong data-start=\"2163\" data-end=\"2182\">ARTUK TUK, S.L.<\/strong> no se responsabiliza del contenido, disponibilidad o exactitud de dichas p\u00e1ginas externas, que son responsabilidad de sus respectivos titulares.<\/p><hr data-start=\"2329\" data-end=\"2332\" \/><h3 data-start=\"2334\" data-end=\"2360\">6. Protecci\u00f3n de datos<\/h3><p data-start=\"2361\" data-end=\"2739\">Los datos personales facilitados por los usuarios ser\u00e1n tratados conforme a la <strong data-start=\"2440\" data-end=\"2466\">Pol\u00edtica de Privacidad<\/strong>, cumpliendo con el <strong data-start=\"2486\" data-end=\"2521\">Reglamento (UE) 2016\/679 (RGPD)<\/strong> y la <strong data-start=\"2527\" data-end=\"2560\">Ley Org\u00e1nica 3\/2018 (LOPDGDD)<\/strong>.<br data-start=\"2561\" data-end=\"2564\" \/>El usuario podr\u00e1 ejercer sus derechos de acceso, rectificaci\u00f3n, supresi\u00f3n y dem\u00e1s derechos reconocidos por la normativa vigente mediante comunicaci\u00f3n a: [<a class=\"decorated-link cursor-pointer\" rel=\"noopener\">correo@artuktuk.com<\/a>].<\/p><hr data-start=\"2741\" data-end=\"2744\" \/><h3 data-start=\"2746\" data-end=\"2789\">7. Legislaci\u00f3n aplicable y jurisdicci\u00f3n<\/h3><p data-start=\"2790\" data-end=\"3032\">El presente aviso legal se rige por la legislaci\u00f3n espa\u00f1ola.<br data-start=\"2850\" data-end=\"2853\" \/>Para la resoluci\u00f3n de cualquier controversia o conflicto derivado del uso de este sitio web, las partes se someten expresamente a los <strong data-start=\"2987\" data-end=\"3031\">Juzgados y Tribunales de Madrid (Espa\u00f1a)<\/strong>.<\/p>\t\t\t\t\t\t\t\t<\/div>\n\t\t\t\t\t<\/div>\n\t\t\t\t<\/div>\n\t\t\t\t<\/div>","protected":false},"excerpt":{"rendered":"<p>AVISO LEGAL Titular: ARTUK TUK, S.L.CIF: B22528525Domicilio social:Correo electr\u00f3nico:\u00a0booking@artuktuk.comTel\u00e9fono de contacto: +34 609 78 08 26Inscrita en el Registro Mercantil de Madrid, Tomo [xxx], Folio [xxx], Hoja [xxx]. 1. Objeto El presente sitio web tiene por objeto ofrecer informaci\u00f3n sobre los servicios tur\u00edsticos en tuktuk que presta ARTUK TUK, S.L., as\u00ed como facilitar el contacto [&hellip;]<\/p>","protected":false},"author":2,"featured_media":0,"parent":0,"menu_order":0,"comment_status":"closed","ping_status":"closed","template":"","meta":{"_acf_changed":false,"footnotes":""},"class_list":["post-2211","page","type-page","status-publish","hentry"],"acf":[],"yoast_head":"<!-- This site is optimized with the Yoast SEO plugin v26.8 - https:\/\/yoast.com\/product\/yoast-seo-wordpress\/ -->\n<title>Aviso legal - TukTuk tours Madrid Spain<\/title>\n<meta name=\"robots\" content=\"index, follow, max-snippet:-1, max-image-preview:large, max-video-preview:-1\" \/>\n<link rel=\"canonical\" href=\"https:\/\/artuktuk.com\/en\/aviso-legal\/\" \/>\n<meta property=\"og:locale\" content=\"en_US\" \/>\n<meta property=\"og:type\" content=\"article\" \/>\n<meta property=\"og:title\" content=\"Aviso legal - TukTuk tours Madrid Spain\" \/>\n<meta property=\"og:description\" content=\"AVISO LEGAL Titular: ARTUK TUK, S.L.CIF: B22528525Domicilio social:Correo electr\u00f3nico:\u00a0booking@artuktuk.comTel\u00e9fono de contacto: +34 609 78 08 26Inscrita en el Registro Mercantil de Madrid, Tomo [xxx], Folio [xxx], Hoja [xxx]. 1. Objeto El presente sitio web tiene por objeto ofrecer informaci\u00f3n sobre los servicios tur\u00edsticos en tuktuk que presta ARTUK TUK, S.L., as\u00ed como facilitar el contacto [&hellip;]\" \/>\n<meta property=\"og:url\" content=\"https:\/\/artuktuk.com\/en\/aviso-legal\/\" \/>\n<meta property=\"og:site_name\" content=\"Artuktuk\" \/>\n<meta property=\"article:modified_time\" content=\"2026-02-11T20:05:07+00:00\" \/>\n<meta property=\"og:image\" content=\"https:\/\/artuktuk.com\/wp-content\/uploads\/2025\/06\/cropped-2b030f39-fe55-4056-9f94-2820df9a2ae6.png\" \/>\n\t<meta property=\"og:image:width\" content=\"512\" \/>\n\t<meta property=\"og:image:height\" content=\"512\" \/>\n\t<meta property=\"og:image:type\" content=\"image\/png\" \/>\n<meta name=\"twitter:card\" content=\"summary_large_image\" \/>\n<meta name=\"twitter:label1\" content=\"Est. reading time\" \/>\n\t<meta name=\"twitter:data1\" content=\"2 minutes\" \/>\n<script type=\"application\/ld+json\" class=\"yoast-schema-graph\">{\"@context\":\"https:\/\/schema.org\",\"@graph\":[{\"@type\":\"WebPage\",\"@id\":\"https:\/\/artuktuk.com\/aviso-legal\/\",\"url\":\"https:\/\/artuktuk.com\/aviso-legal\/\",\"name\":\"Aviso legal - TukTuk tours Madrid Spain\",\"isPartOf\":{\"@id\":\"https:\/\/artuktuk.com\/#website\"},\"datePublished\":\"2025-11-12T12:53:25+00:00\",\"dateModified\":\"2026-02-11T20:05:07+00:00\",\"breadcrumb\":{\"@id\":\"https:\/\/artuktuk.com\/aviso-legal\/#breadcrumb\"},\"inLanguage\":\"en-US\",\"potentialAction\":[{\"@type\":\"ReadAction\",\"target\":[\"https:\/\/artuktuk.com\/aviso-legal\/\"]}]},{\"@type\":\"BreadcrumbList\",\"@id\":\"https:\/\/artuktuk.com\/aviso-legal\/#breadcrumb\",\"itemListElement\":[{\"@type\":\"ListItem\",\"position\":1,\"name\":\"Portada\",\"item\":\"https:\/\/artuktuk.com\/\"},{\"@type\":\"ListItem\",\"position\":2,\"name\":\"Aviso legal\"}]},{\"@type\":\"WebSite\",\"@id\":\"https:\/\/artuktuk.com\/#website\",\"url\":\"https:\/\/artuktuk.com\/\",\"name\":\"Artuktuk.com\",\"description\":\"TukTuk tours Madrid Spain\",\"publisher\":{\"@id\":\"https:\/\/artuktuk.com\/#organization\"},\"alternateName\":\"Artuktuk\",\"potentialAction\":[{\"@type\":\"SearchAction\",\"target\":{\"@type\":\"EntryPoint\",\"urlTemplate\":\"https:\/\/artuktuk.com\/?s={search_term_string}\"},\"query-input\":{\"@type\":\"PropertyValueSpecification\",\"valueRequired\":true,\"valueName\":\"search_term_string\"}}],\"inLanguage\":\"en-US\"},{\"@type\":\"Organization\",\"@id\":\"https:\/\/artuktuk.com\/#organization\",\"name\":\"Artuktuk\",\"url\":\"https:\/\/artuktuk.com\/\",\"logo\":{\"@type\":\"ImageObject\",\"inLanguage\":\"en-US\",\"@id\":\"https:\/\/artuktuk.com\/#\/schema\/logo\/image\/\",\"url\":\"https:\/\/artuktuk.com\/wp-content\/uploads\/2025\/06\/TUK-FINAL-ChatGPT-Image-30-jun-2025-13_03_57-v2-baja-calidad.webp\",\"contentUrl\":\"https:\/\/artuktuk.com\/wp-content\/uploads\/2025\/06\/TUK-FINAL-ChatGPT-Image-30-jun-2025-13_03_57-v2-baja-calidad.webp\",\"width\":1024,\"height\":1024,\"caption\":\"Artuktuk\"},\"image\":{\"@id\":\"https:\/\/artuktuk.com\/#\/schema\/logo\/image\/\"},\"sameAs\":[\"https:\/\/www.instagram.com\/artuktukk\/\"]}]}<\/script>\n<!-- \/ Yoast SEO plugin. -->","yoast_head_json":{"title":"Aviso legal - TukTuk tours Madrid Spain","robots":{"index":"index","follow":"follow","max-snippet":"max-snippet:-1","max-image-preview":"max-image-preview:large","max-video-preview":"max-video-preview:-1"},"canonical":"https:\/\/artuktuk.com\/en\/aviso-legal\/","og_locale":"en_US","og_type":"article","og_title":"Aviso legal - TukTuk tours Madrid Spain","og_description":"AVISO LEGAL Titular: ARTUK TUK, S.L.CIF: B22528525Domicilio social:Correo electr\u00f3nico:\u00a0booking@artuktuk.comTel\u00e9fono de contacto: +34 609 78 08 26Inscrita en el Registro Mercantil de Madrid, Tomo [xxx], Folio [xxx], Hoja [xxx]. 1. Objeto El presente sitio web tiene por objeto ofrecer informaci\u00f3n sobre los servicios tur\u00edsticos en tuktuk que presta ARTUK TUK, S.L., as\u00ed como facilitar el contacto [&hellip;]","og_url":"https:\/\/artuktuk.com\/en\/aviso-legal\/","og_site_name":"Artuktuk","article_modified_time":"2026-02-11T20:05:07+00:00","og_image":[{"width":512,"height":512,"url":"https:\/\/artuktuk.com\/wp-content\/uploads\/2025\/06\/cropped-2b030f39-fe55-4056-9f94-2820df9a2ae6.png","type":"image\/png"}],"twitter_card":"summary_large_image","twitter_misc":{"Est. reading time":"2 minutes"},"schema":{"@context":"https:\/\/schema.org","@graph":[{"@type":"WebPage","@id":"https:\/\/artuktuk.com\/aviso-legal\/","url":"https:\/\/artuktuk.com\/aviso-legal\/","name":"Aviso legal - TukTuk tours Madrid Spain","isPartOf":{"@id":"https:\/\/artuktuk.com\/#website"},"datePublished":"2025-11-12T12:53:25+00:00","dateModified":"2026-02-11T20:05:07+00:00","breadcrumb":{"@id":"https:\/\/artuktuk.com\/aviso-legal\/#breadcrumb"},"inLanguage":"en-US","potentialAction":[{"@type":"ReadAction","target":["https:\/\/artuktuk.com\/aviso-legal\/"]}]},{"@type":"BreadcrumbList","@id":"https:\/\/artuktuk.com\/aviso-legal\/#breadcrumb","itemListElement":[{"@type":"ListItem","position":1,"name":"Portada","item":"https:\/\/artuktuk.com\/"},{"@type":"ListItem","position":2,"name":"Aviso legal"}]},{"@type":"WebSite","@id":"https:\/\/artuktuk.com\/#website","url":"https:\/\/artuktuk.com\/","name":"Artuktuk.com","description":"TukTuk tours Madrid Spain","publisher":{"@id":"https:\/\/artuktuk.com\/#organization"},"alternateName":"Artuktuk","potentialAction":[{"@type":"SearchAction","target":{"@type":"EntryPoint","urlTemplate":"https:\/\/artuktuk.com\/?s={search_term_string}"},"query-input":{"@type":"PropertyValueSpecification","valueRequired":true,"valueName":"search_term_string"}}],"inLanguage":"en-US"},{"@type":"Organization","@id":"https:\/\/artuktuk.com\/#organization","name":"Artuktuk","url":"https:\/\/artuktuk.com\/","logo":{"@type":"ImageObject","inLanguage":"en-US","@id":"https:\/\/artuktuk.com\/#\/schema\/logo\/image\/","url":"https:\/\/artuktuk.com\/wp-content\/uploads\/2025\/06\/TUK-FINAL-ChatGPT-Image-30-jun-2025-13_03_57-v2-baja-calidad.webp","contentUrl":"https:\/\/artuktuk.com\/wp-content\/uploads\/2025\/06\/TUK-FINAL-ChatGPT-Image-30-jun-2025-13_03_57-v2-baja-calidad.webp","width":1024,"height":1024,"caption":"Artuktuk"},"image":{"@id":"https:\/\/artuktuk.com\/#\/schema\/logo\/image\/"},"sameAs":["https:\/\/www.instagram.com\/artuktukk\/"]}]}},"_links":{"self":[{"href":"https:\/\/artuktuk.com\/en\/wp-json\/wp\/v2\/pages\/2211","targetHints":{"allow":["GET"]}}],"collection":[{"href":"https:\/\/artuktuk.com\/en\/wp-json\/wp\/v2\/pages"}],"about":[{"href":"https:\/\/artuktuk.com\/en\/wp-json\/wp\/v2\/types\/page"}],"author":[{"embeddable":true,"href":"https:\/\/artuktuk.com\/en\/wp-json\/wp\/v2\/users\/2"}],"replies":[{"embeddable":true,"href":"https:\/\/artuktuk.com\/en\/wp-json\/wp\/v2\/comments?post=2211"}],"version-history":[{"count":13,"href":"https:\/\/artuktuk.com\/en\/wp-json\/wp\/v2\/pages\/2211\/revisions"}],"predecessor-version":[{"id":2376,"href":"https:\/\/artuktuk.com\/en\/wp-json\/wp\/v2\/pages\/2211\/revisions\/2376"}],"wp:attachment":[{"href":"https:\/\/artuktuk.com\/en\/wp-json\/wp\/v2\/media?parent=2211"}],"curies":[{"name":"wp","href":"https:\/\/api.w.org\/{rel}","templated":true}]}}