{"id":2190,"date":"2025-11-11T21:57:21","date_gmt":"2025-11-11T20:57:21","guid":{"rendered":"https:\/\/artuktuk.com\/?page_id=2190"},"modified":"2025-11-12T17:33:58","modified_gmt":"2025-11-12T16:33:58","slug":"politica-de-privacidad","status":"publish","type":"page","link":"https:\/\/artuktuk.com\/en\/politica-de-privacidad\/","title":{"rendered":"Pol\u00edtica de privacidad"},"content":{"rendered":"<div data-elementor-type=\"wp-page\" data-elementor-id=\"2190\" class=\"elementor elementor-2190\" data-elementor-post-type=\"page\">\n\t\t\t\t<div class=\"elementor-element elementor-element-23df0536 e-flex e-con-boxed e-con e-parent\" data-id=\"23df0536\" data-element_type=\"container\" data-settings=\"{&quot;background_background&quot;:&quot;classic&quot;}\">\n\t\t\t\t\t<div class=\"e-con-inner\">\n\t\t\t\t\t<\/div>\n\t\t\t\t<\/div>\n\t\t<div class=\"elementor-element elementor-element-62c56831 e-flex e-con-boxed e-con e-parent\" data-id=\"62c56831\" data-element_type=\"container\">\n\t\t\t\t\t<div class=\"e-con-inner\">\n\t\t<div class=\"elementor-element elementor-element-a989b44 e-con-full e-flex e-con e-child\" data-id=\"a989b44\" data-element_type=\"container\">\n\t\t<div class=\"elementor-element elementor-element-68f9015e e-con-full e-flex e-con e-child\" data-id=\"68f9015e\" data-element_type=\"container\" data-settings=\"{&quot;background_background&quot;:&quot;classic&quot;}\">\n\t\t\t\t<div class=\"elementor-element elementor-element-3830b461 elementor-widget elementor-widget-heading\" data-id=\"3830b461\" data-element_type=\"widget\" data-widget_type=\"heading.default\">\n\t\t\t\t\t<h2 class=\"elementor-heading-title elementor-size-default\">Pol\u00edtica de privacidad<\/h2>\t\t\t\t<\/div>\n\t\t\t\t<\/div>\n\t\t<div class=\"elementor-element elementor-element-6198a713 e-con-full e-flex e-con e-child\" data-id=\"6198a713\" data-element_type=\"container\">\n\t\t<div class=\"elementor-element elementor-element-64a474f0 e-con-full e-flex e-con e-child\" data-id=\"64a474f0\" data-element_type=\"container\">\n\t\t\t\t<div class=\"elementor-element elementor-element-5b072b76 elementor-widget elementor-widget-text-editor\" data-id=\"5b072b76\" data-element_type=\"widget\" data-widget_type=\"text-editor.default\">\n\t\t\t\t\t\t\t\t\t<p><strong style=\"font-size: 1rem;\" data-start=\"348\" data-end=\"373\">\u00daltima actualizaci\u00f3n:<\/strong><span style=\"font-size: 1rem;\">\u00a011\/11\/2025<\/span><\/p>\t\t\t\t\t\t\t\t<\/div>\n\t\t\t\t<\/div>\n\t\t\t\t<\/div>\n\t\t<div class=\"elementor-element elementor-element-295c9d0d e-con-full e-flex e-con e-child\" data-id=\"295c9d0d\" data-element_type=\"container\">\n\t\t<div class=\"elementor-element elementor-element-f97d20d e-con-full e-flex e-con e-child\" data-id=\"f97d20d\" data-element_type=\"container\">\n\t\t\t\t<div class=\"elementor-element elementor-element-3f582490 elementor-widget elementor-widget-text-editor\" data-id=\"3f582490\" data-element_type=\"widget\" data-widget_type=\"text-editor.default\">\n\t\t\t\t\t\t\t\t\t<h2 data-start=\"383\" data-end=\"430\">1. Identidad del Responsable del Tratamiento<\/h2><p data-start=\"432\" data-end=\"707\">En cumplimiento de lo dispuesto en el <strong data-start=\"470\" data-end=\"542\">Reglamento (UE) 2016\/679 del Parlamento Europeo y del Consejo (RGPD)<\/strong> y la <strong data-start=\"548\" data-end=\"600\">Ley Org\u00e1nica 3\/2018, de 5 de diciembre (LOPDGDD)<\/strong>, le informamos que los datos personales que nos proporcione a trav\u00e9s de este sitio web ser\u00e1n tratados por:<\/p><p data-start=\"709\" data-end=\"1041\"><strong data-start=\"709\" data-end=\"725\">Responsable:<\/strong> ARTUK TUK, S.L.<br data-start=\"781\" data-end=\"784\" \/><strong data-start=\"784\" data-end=\"796\">NIF\/CIF:<\/strong>\u00a0B22528525<br data-start=\"830\" data-end=\"833\" \/><strong data-start=\"833\" data-end=\"847\">Domicilio: <\/strong>Calle Poeta Joan Maragall, 51<br data-start=\"902\" data-end=\"905\" \/><strong data-start=\"905\" data-end=\"928\">Correo electr\u00f3nico:<\/strong> booking@artuktuk.com<br data-start=\"961\" data-end=\"964\" \/><strong data-start=\"964\" data-end=\"977\">Tel\u00e9fono: <\/strong>+34 609 78 08 26<\/p><p data-start=\"709\" data-end=\"1041\"><strong data-start=\"1001\" data-end=\"1015\">Sitio web:<\/strong>\u00a0www.artuktuk.com<\/p>\t\t\t\t\t\t\t\t<\/div>\n\t\t\t\t<\/div>\n\t\t\t\t<\/div>\n\t\t<div class=\"elementor-element elementor-element-2ed9385b e-con-full e-flex e-con e-child\" data-id=\"2ed9385b\" data-element_type=\"container\">\n\t\t<div class=\"elementor-element elementor-element-26826e2d e-con-full e-flex e-con e-child\" data-id=\"26826e2d\" data-element_type=\"container\">\n\t\t\t\t<div class=\"elementor-element elementor-element-74c1dbff elementor-widget elementor-widget-text-editor\" data-id=\"74c1dbff\" data-element_type=\"widget\" data-widget_type=\"text-editor.default\">\n\t\t\t\t\t\t\t\t\t<h2 data-start=\"1048\" data-end=\"1086\">2. Datos Personales que Recopilamos<\/h2><p data-start=\"1088\" data-end=\"1210\">En nuestra p\u00e1gina web recopilamos los siguientes datos personales cuando realizas una reserva o te comunicas con nosotros:<\/p><ul><li data-start=\"1088\" data-end=\"1210\">Nombre y apellidos<\/li><li>Direcci\u00f3n de correo electr\u00f3nico<\/li><li><span style=\"background-color: transparent;\">N\u00famero de tel\u00e9fono<\/span><\/li><li>Datos de la tarjeta de cr\u00e9dito o d\u00e9bito (gestionados de forma segura a trav\u00e9s de una pasarela de pago externa)<\/li><li>Informaci\u00f3n relacionada con la reserva (fecha, hora, n\u00famero de personas, etc.)<\/li><\/ul>\t\t\t\t\t\t\t\t<\/div>\n\t\t\t\t<\/div>\n\t\t\t\t<\/div>\n\t\t<div class=\"elementor-element elementor-element-51083298 e-con-full e-flex e-con e-child\" data-id=\"51083298\" data-element_type=\"container\">\n\t\t<div class=\"elementor-element elementor-element-56b625b7 e-con-full e-flex e-con e-child\" data-id=\"56b625b7\" data-element_type=\"container\">\n\t\t\t\t<div class=\"elementor-element elementor-element-3807c411 elementor-widget elementor-widget-text-editor\" data-id=\"3807c411\" data-element_type=\"widget\" data-widget_type=\"text-editor.default\">\n\t\t\t\t\t\t\t\t\t<h2 data-start=\"1496\" data-end=\"1527\">3. Finalidad del Tratamiento<\/h2><p data-start=\"1529\" data-end=\"1596\">Tus datos personales ser\u00e1n tratados con las siguientes finalidades:<\/p><ol data-start=\"1598\" data-end=\"2012\"><li data-start=\"1598\" data-end=\"1676\"><p data-start=\"1601\" data-end=\"1676\"><strong data-start=\"1601\" data-end=\"1639\">Gestionar y confirmar las reservas<\/strong> realizadas a trav\u00e9s del sitio web.<\/p><\/li><li data-start=\"1677\" data-end=\"1748\"><p data-start=\"1680\" data-end=\"1748\"><strong data-start=\"1680\" data-end=\"1701\">Contactar contigo<\/strong> para confirmar, modificar o anular reservas.<\/p><\/li><li data-start=\"1749\" data-end=\"1788\"><p data-start=\"1752\" data-end=\"1788\"><strong data-start=\"1752\" data-end=\"1786\">Gestionar pagos y facturaci\u00f3n.<\/strong><\/p><\/li><li data-start=\"1789\" data-end=\"1882\"><p data-start=\"1792\" data-end=\"1882\"><strong data-start=\"1792\" data-end=\"1828\">Cumplir con obligaciones legales<\/strong> aplicables (fiscales, contables o administrativas).<\/p><\/li><li data-start=\"1883\" data-end=\"2012\"><p data-start=\"1886\" data-end=\"2012\"><strong data-start=\"1886\" data-end=\"1932\">Enviar informaci\u00f3n comercial o promocional<\/strong> sobre nuestros servicios, \u00fanicamente si has otorgado tu consentimiento expreso.<\/p><\/li><\/ol>\t\t\t\t\t\t\t\t<\/div>\n\t\t\t\t<\/div>\n\t\t\t\t<\/div>\n\t\t<div class=\"elementor-element elementor-element-4453b777 e-con-full e-flex e-con e-child\" data-id=\"4453b777\" data-element_type=\"container\">\n\t\t<div class=\"elementor-element elementor-element-4bbab912 e-con-full e-flex e-con e-child\" data-id=\"4bbab912\" data-element_type=\"container\">\n\t\t\t\t<div class=\"elementor-element elementor-element-1ee99f1d elementor-widget elementor-widget-text-editor\" data-id=\"1ee99f1d\" data-element_type=\"widget\" data-widget_type=\"text-editor.default\">\n\t\t\t\t\t\t\t\t\t<h2 data-start=\"2019\" data-end=\"2053\">4. Legitimaci\u00f3n del Tratamiento<\/h2><p data-start=\"2055\" data-end=\"2119\">Las bases legales que legitiman el tratamiento de tus datos son:<\/p><ul data-start=\"2121\" data-end=\"2349\"><li data-start=\"2121\" data-end=\"2218\"><p data-start=\"2123\" data-end=\"2218\"><strong data-start=\"2123\" data-end=\"2192\">Ejecuci\u00f3n de un contrato o aplicaci\u00f3n de medidas precontractuales<\/strong> (reserva de servicios).<\/p><\/li><li data-start=\"2219\" data-end=\"2264\"><p data-start=\"2221\" data-end=\"2264\"><strong data-start=\"2221\" data-end=\"2262\">Cumplimiento de obligaciones legales.<\/strong><\/p><\/li><li data-start=\"2265\" data-end=\"2349\"><p data-start=\"2267\" data-end=\"2349\"><strong data-start=\"2267\" data-end=\"2300\">Consentimiento del interesado<\/strong> (para el env\u00edo de comunicaciones comerciales).<\/p><\/li><\/ul>\t\t\t\t\t\t\t\t<\/div>\n\t\t\t\t<\/div>\n\t\t\t\t<\/div>\n\t\t<div class=\"elementor-element elementor-element-36d79622 e-con-full e-flex e-con e-child\" data-id=\"36d79622\" data-element_type=\"container\">\n\t\t<div class=\"elementor-element elementor-element-38cf9bb7 e-con-full e-flex e-con e-child\" data-id=\"38cf9bb7\" data-element_type=\"container\">\n\t\t\t\t<div class=\"elementor-element elementor-element-527a33ba elementor-widget__width-inherit elementor-widget elementor-widget-text-editor\" data-id=\"527a33ba\" data-element_type=\"widget\" data-widget_type=\"text-editor.default\">\n\t\t\t\t\t\t\t\t\t<h2 data-start=\"2356\" data-end=\"2387\">5. Conservaci\u00f3n de los Datos<\/h2><p data-start=\"2389\" data-end=\"2739\">Tus datos se conservar\u00e1n durante el tiempo necesario para cumplir con las finalidades indicadas y mientras puedan derivarse responsabilidades legales del tratamiento.<br data-start=\"2555\" data-end=\"2558\" \/>En el caso de datos de pago, estos se conservar\u00e1n \u00fanicamente durante el tiempo necesario para completar la transacci\u00f3n. Los datos bancarios <strong data-start=\"2698\" data-end=\"2717\">no se almacenan<\/strong> en nuestros sistemas.<\/p>\t\t\t\t\t\t\t\t<\/div>\n\t\t\t\t<\/div>\n\t\t\t\t<\/div>\n\t\t<div class=\"elementor-element elementor-element-7cdeeff3 e-con-full e-flex e-con e-child\" data-id=\"7cdeeff3\" data-element_type=\"container\">\n\t\t\t\t<div class=\"elementor-element elementor-element-b744467 elementor-widget elementor-widget-text-editor\" data-id=\"b744467\" data-element_type=\"widget\" data-widget_type=\"text-editor.default\">\n\t\t\t\t\t\t\t\t\t<h2 data-start=\"2746\" data-end=\"2784\">6. Comunicaci\u00f3n de Datos a Terceros<\/h2><p data-start=\"2786\" data-end=\"2862\">No se ceder\u00e1n tus datos personales a terceros salvo en los siguientes casos:<\/p><ul data-start=\"2864\" data-end=\"3052\"><li data-start=\"2864\" data-end=\"2997\"><p data-start=\"2866\" data-end=\"2997\">Cuando sea <strong data-start=\"2877\" data-end=\"2922\">necesario para la prestaci\u00f3n del servicio<\/strong> (por ejemplo, con la pasarela de pago o proveedores de alojamiento web).<\/p><\/li><li data-start=\"2998\" data-end=\"3052\"><p data-start=\"3000\" data-end=\"3052\">Cuando exista una <strong data-start=\"3018\" data-end=\"3038\">obligaci\u00f3n legal<\/strong> de hacerlo.<\/p><\/li><\/ul><p data-start=\"3054\" data-end=\"3279\">Todos los proveedores externos que puedan tener acceso a tus datos han suscrito contratos de encargo de tratamiento conforme al art\u00edculo 28 del RGPD y garantizan el cumplimiento de la normativa europea de protecci\u00f3n de datos.<\/p>\t\t\t\t\t\t\t\t<\/div>\n\t\t\t\t<\/div>\n\t\t<div class=\"elementor-element elementor-element-7d4fe8c3 e-con-full e-flex e-con e-child\" data-id=\"7d4fe8c3\" data-element_type=\"container\">\n\t\t\t\t<div class=\"elementor-element elementor-element-71743b96 elementor-widget elementor-widget-text-editor\" data-id=\"71743b96\" data-element_type=\"widget\" data-widget_type=\"text-editor.default\">\n\t\t\t\t\t\t\t\t\t<h2 data-start=\"3286\" data-end=\"3314\">7. Seguridad de los Datos<\/h2><p data-start=\"3316\" data-end=\"3505\">Adoptamos las medidas t\u00e9cnicas y organizativas necesarias para garantizar la seguridad de los datos personales, evitando su p\u00e9rdida, alteraci\u00f3n, uso indebido, acceso no autorizado o robo.<\/p><p data-start=\"3507\" data-end=\"3697\">Los pagos se realizan mediante <strong data-start=\"3538\" data-end=\"3572\">pasarelas seguras certificadas<\/strong> que cumplen con los est\u00e1ndares de seguridad PCI DSS. Nosotros <strong data-start=\"3635\" data-end=\"3696\">no almacenamos los datos completos de tu tarjeta bancaria<\/strong>.<\/p>\t\t\t\t\t\t\t\t<\/div>\n\t\t\t\t<\/div>\n\t\t<div class=\"elementor-element elementor-element-f5502a5 e-con-full e-flex e-con e-child\" data-id=\"f5502a5\" data-element_type=\"container\">\n\t\t\t\t<div class=\"elementor-element elementor-element-e7833eb elementor-widget elementor-widget-text-editor\" data-id=\"e7833eb\" data-element_type=\"widget\" data-widget_type=\"text-editor.default\">\n\t\t\t\t\t\t\t\t\t<h2 data-start=\"3704\" data-end=\"3730\">8. Derechos del Usuario<\/h2><p data-start=\"3732\" data-end=\"3771\">Puedes ejercer los siguientes derechos:<\/p><ul data-start=\"3773\" data-end=\"4230\"><li data-start=\"3773\" data-end=\"3824\"><p data-start=\"3775\" data-end=\"3824\"><strong data-start=\"3775\" data-end=\"3786\">Acceso:<\/strong> conocer qu\u00e9 datos tenemos sobre ti.<\/p><\/li><li data-start=\"3825\" data-end=\"3892\"><p data-start=\"3827\" data-end=\"3892\"><strong data-start=\"3827\" data-end=\"3845\">Rectificaci\u00f3n:<\/strong> modificar los datos inexactos o incompletos.<\/p><\/li><li data-start=\"3893\" data-end=\"3979\"><p data-start=\"3895\" data-end=\"3979\"><strong data-start=\"3895\" data-end=\"3909\">Supresi\u00f3n:<\/strong> solicitar la eliminaci\u00f3n de tus datos cuando ya no sean necesarios.<\/p><\/li><li data-start=\"3980\" data-end=\"4064\"><p data-start=\"3982\" data-end=\"4064\"><strong data-start=\"3982\" data-end=\"4013\">Limitaci\u00f3n del tratamiento:<\/strong> restringir el uso de tus datos en ciertos casos.<\/p><\/li><li data-start=\"4065\" data-end=\"4144\"><p data-start=\"4067\" data-end=\"4144\"><strong data-start=\"4067\" data-end=\"4084\">Portabilidad:<\/strong> recibir tus datos en formato estructurado y de uso com\u00fan.<\/p><\/li><li data-start=\"4145\" data-end=\"4230\"><p data-start=\"4147\" data-end=\"4230\"><strong data-start=\"4147\" data-end=\"4161\">Oposici\u00f3n:<\/strong> oponerte al tratamiento de tus datos en determinadas circunstancias.<\/p><\/li><\/ul><p data-start=\"4232\" data-end=\"4345\">Para ejercer estos derechos, puedes enviar una solicitud escrita adjuntando copia de tu documento de identidad a:<\/p><p data-start=\"4347\" data-end=\"4455\">\ud83d\udce7 booking@artuktu.com<\/p><p data-start=\"4347\" data-end=\"4455\">Si consideras que tus derechos no se han respetado, puedes presentar una reclamaci\u00f3n ante la <strong data-start=\"4550\" data-end=\"4600\">Agencia Espa\u00f1ola de Protecci\u00f3n de Datos (AEPD)<\/strong> a trav\u00e9s de su web: <a class=\"decorated-link\" href=\"https:\/\/www.aepd.es\" target=\"_new\" rel=\"noopener\" data-start=\"4621\" data-end=\"4655\">www.aepd.es<\/a><\/p>\t\t\t\t\t\t\t\t<\/div>\n\t\t\t\t<\/div>\n\t\t<div class=\"elementor-element elementor-element-d4dc495 e-con-full e-flex e-con e-child\" data-id=\"d4dc495\" data-element_type=\"container\">\n\t\t\t\t<div class=\"elementor-element elementor-element-01c4769 elementor-widget elementor-widget-text-editor\" data-id=\"01c4769\" data-element_type=\"widget\" data-widget_type=\"text-editor.default\">\n\t\t\t\t\t\t\t\t\t<h2 data-start=\"4662\" data-end=\"4686\">9. Enlaces a Terceros<\/h2><p data-start=\"4688\" data-end=\"4911\">Este sitio web puede incluir enlaces a p\u00e1ginas externas. No somos responsables del contenido ni de las pol\u00edticas de privacidad de dichos sitios. Te recomendamos leer sus pol\u00edticas antes de proporcionar tus datos personales.<\/p>\t\t\t\t\t\t\t\t<\/div>\n\t\t\t\t<\/div>\n\t\t<div class=\"elementor-element elementor-element-5ebd7d2 e-con-full e-flex e-con e-child\" data-id=\"5ebd7d2\" data-element_type=\"container\">\n\t\t\t\t<div class=\"elementor-element elementor-element-2064676 elementor-widget elementor-widget-text-editor\" data-id=\"2064676\" data-element_type=\"widget\" data-widget_type=\"text-editor.default\">\n\t\t\t\t\t\t\t\t\t<h2 data-start=\"4918\" data-end=\"4956\">10. Modificaciones de esta Pol\u00edtica<\/h2><p data-start=\"4958\" data-end=\"5180\">Nos reservamos el derecho a modificar la presente Pol\u00edtica de Privacidad para adaptarla a cambios legislativos o t\u00e9cnicos. Cualquier cambio ser\u00e1 publicado en esta misma p\u00e1gina con la fecha de actualizaci\u00f3n correspondiente.<\/p>\t\t\t\t\t\t\t\t<\/div>\n\t\t\t\t<\/div>\n\t\t<div class=\"elementor-element elementor-element-7a41381 e-con-full e-flex e-con e-child\" data-id=\"7a41381\" data-element_type=\"container\">\n\t\t\t\t<div class=\"elementor-element elementor-element-54954cf elementor-widget elementor-widget-text-editor\" data-id=\"54954cf\" data-element_type=\"widget\" data-widget_type=\"text-editor.default\">\n\t\t\t\t\t\t\t\t\t<h2 data-start=\"5187\" data-end=\"5221\">11. Aceptaci\u00f3n y Consentimiento<\/h2><p data-start=\"5223\" data-end=\"5489\">Al utilizar nuestra web y realizar una reserva, declaras haber sido informado\/a de las condiciones sobre protecci\u00f3n de datos personales, aceptando y consintiendo el tratamiento de los mismos en la forma y con las finalidades indicadas en esta Pol\u00edtica de Privacidad.<\/p>\t\t\t\t\t\t\t\t<\/div>\n\t\t\t\t<\/div>\n\t\t\t\t<\/div>\n\t\t\t\t\t<\/div>\n\t\t\t\t<\/div>\n\t\t\t\t<\/div>","protected":false},"excerpt":{"rendered":"<p>Pol\u00edtica de privacidad \u00daltima actualizaci\u00f3n:\u00a011\/11\/2025 1. Identidad del Responsable del Tratamiento En cumplimiento de lo dispuesto en el Reglamento (UE) 2016\/679 del Parlamento Europeo y del Consejo (RGPD) y la Ley Org\u00e1nica 3\/2018, de 5 de diciembre (LOPDGDD), le informamos que los datos personales que nos proporcione a trav\u00e9s de este sitio web ser\u00e1n tratados [&hellip;]<\/p>","protected":false},"author":1,"featured_media":0,"parent":0,"menu_order":0,"comment_status":"closed","ping_status":"closed","template":"","meta":{"_acf_changed":false,"footnotes":""},"class_list":["post-2190","page","type-page","status-publish","hentry"],"acf":[],"yoast_head":"<!-- This site is optimized with the Yoast SEO plugin v26.8 - https:\/\/yoast.com\/product\/yoast-seo-wordpress\/ -->\n<title>Pol\u00edtica de privacidad - TukTuk tours Madrid Spain<\/title>\n<meta name=\"robots\" content=\"index, follow, max-snippet:-1, max-image-preview:large, max-video-preview:-1\" \/>\n<link rel=\"canonical\" href=\"https:\/\/artuktuk.com\/en\/politica-de-privacidad\/\" \/>\n<meta property=\"og:locale\" content=\"en_US\" \/>\n<meta property=\"og:type\" content=\"article\" \/>\n<meta property=\"og:title\" content=\"Pol\u00edtica de privacidad - TukTuk tours Madrid Spain\" \/>\n<meta property=\"og:description\" content=\"Pol\u00edtica de privacidad \u00daltima actualizaci\u00f3n:\u00a011\/11\/2025 1. Identidad del Responsable del Tratamiento En cumplimiento de lo dispuesto en el Reglamento (UE) 2016\/679 del Parlamento Europeo y del Consejo (RGPD) y la Ley Org\u00e1nica 3\/2018, de 5 de diciembre (LOPDGDD), le informamos que los datos personales que nos proporcione a trav\u00e9s de este sitio web ser\u00e1n tratados [&hellip;]\" \/>\n<meta property=\"og:url\" content=\"https:\/\/artuktuk.com\/en\/politica-de-privacidad\/\" \/>\n<meta property=\"og:site_name\" content=\"Artuktuk\" \/>\n<meta property=\"article:modified_time\" content=\"2025-11-12T16:33:58+00:00\" \/>\n<meta property=\"og:image\" content=\"https:\/\/artuktuk.com\/wp-content\/uploads\/2025\/06\/cropped-2b030f39-fe55-4056-9f94-2820df9a2ae6.png\" \/>\n\t<meta property=\"og:image:width\" content=\"512\" \/>\n\t<meta property=\"og:image:height\" content=\"512\" \/>\n\t<meta property=\"og:image:type\" content=\"image\/png\" \/>\n<meta name=\"twitter:card\" content=\"summary_large_image\" \/>\n<meta name=\"twitter:label1\" content=\"Est. reading time\" \/>\n\t<meta name=\"twitter:data1\" content=\"4 minutes\" \/>\n<script type=\"application\/ld+json\" class=\"yoast-schema-graph\">{\"@context\":\"https:\/\/schema.org\",\"@graph\":[{\"@type\":\"WebPage\",\"@id\":\"https:\/\/artuktuk.com\/politica-de-privacidad\/\",\"url\":\"https:\/\/artuktuk.com\/politica-de-privacidad\/\",\"name\":\"Pol\u00edtica de privacidad - TukTuk tours Madrid Spain\",\"isPartOf\":{\"@id\":\"https:\/\/artuktuk.com\/#website\"},\"datePublished\":\"2025-11-11T20:57:21+00:00\",\"dateModified\":\"2025-11-12T16:33:58+00:00\",\"breadcrumb\":{\"@id\":\"https:\/\/artuktuk.com\/politica-de-privacidad\/#breadcrumb\"},\"inLanguage\":\"en-US\",\"potentialAction\":[{\"@type\":\"ReadAction\",\"target\":[\"https:\/\/artuktuk.com\/politica-de-privacidad\/\"]}]},{\"@type\":\"BreadcrumbList\",\"@id\":\"https:\/\/artuktuk.com\/politica-de-privacidad\/#breadcrumb\",\"itemListElement\":[{\"@type\":\"ListItem\",\"position\":1,\"name\":\"Portada\",\"item\":\"https:\/\/artuktuk.com\/\"},{\"@type\":\"ListItem\",\"position\":2,\"name\":\"Pol\u00edtica de privacidad\"}]},{\"@type\":\"WebSite\",\"@id\":\"https:\/\/artuktuk.com\/#website\",\"url\":\"https:\/\/artuktuk.com\/\",\"name\":\"Artuktuk.com\",\"description\":\"TukTuk tours Madrid Spain\",\"publisher\":{\"@id\":\"https:\/\/artuktuk.com\/#organization\"},\"alternateName\":\"Artuktuk\",\"potentialAction\":[{\"@type\":\"SearchAction\",\"target\":{\"@type\":\"EntryPoint\",\"urlTemplate\":\"https:\/\/artuktuk.com\/?s={search_term_string}\"},\"query-input\":{\"@type\":\"PropertyValueSpecification\",\"valueRequired\":true,\"valueName\":\"search_term_string\"}}],\"inLanguage\":\"en-US\"},{\"@type\":\"Organization\",\"@id\":\"https:\/\/artuktuk.com\/#organization\",\"name\":\"Artuktuk\",\"url\":\"https:\/\/artuktuk.com\/\",\"logo\":{\"@type\":\"ImageObject\",\"inLanguage\":\"en-US\",\"@id\":\"https:\/\/artuktuk.com\/#\/schema\/logo\/image\/\",\"url\":\"https:\/\/artuktuk.com\/wp-content\/uploads\/2025\/06\/TUK-FINAL-ChatGPT-Image-30-jun-2025-13_03_57-v2-baja-calidad.webp\",\"contentUrl\":\"https:\/\/artuktuk.com\/wp-content\/uploads\/2025\/06\/TUK-FINAL-ChatGPT-Image-30-jun-2025-13_03_57-v2-baja-calidad.webp\",\"width\":1024,\"height\":1024,\"caption\":\"Artuktuk\"},\"image\":{\"@id\":\"https:\/\/artuktuk.com\/#\/schema\/logo\/image\/\"},\"sameAs\":[\"https:\/\/www.instagram.com\/artuktukk\/\"]}]}<\/script>\n<!-- \/ Yoast SEO plugin. -->","yoast_head_json":{"title":"Pol\u00edtica de privacidad - TukTuk tours Madrid Spain","robots":{"index":"index","follow":"follow","max-snippet":"max-snippet:-1","max-image-preview":"max-image-preview:large","max-video-preview":"max-video-preview:-1"},"canonical":"https:\/\/artuktuk.com\/en\/politica-de-privacidad\/","og_locale":"en_US","og_type":"article","og_title":"Pol\u00edtica de privacidad - TukTuk tours Madrid Spain","og_description":"Pol\u00edtica de privacidad \u00daltima actualizaci\u00f3n:\u00a011\/11\/2025 1. Identidad del Responsable del Tratamiento En cumplimiento de lo dispuesto en el Reglamento (UE) 2016\/679 del Parlamento Europeo y del Consejo (RGPD) y la Ley Org\u00e1nica 3\/2018, de 5 de diciembre (LOPDGDD), le informamos que los datos personales que nos proporcione a trav\u00e9s de este sitio web ser\u00e1n tratados [&hellip;]","og_url":"https:\/\/artuktuk.com\/en\/politica-de-privacidad\/","og_site_name":"Artuktuk","article_modified_time":"2025-11-12T16:33:58+00:00","og_image":[{"width":512,"height":512,"url":"https:\/\/artuktuk.com\/wp-content\/uploads\/2025\/06\/cropped-2b030f39-fe55-4056-9f94-2820df9a2ae6.png","type":"image\/png"}],"twitter_card":"summary_large_image","twitter_misc":{"Est. reading time":"4 minutes"},"schema":{"@context":"https:\/\/schema.org","@graph":[{"@type":"WebPage","@id":"https:\/\/artuktuk.com\/politica-de-privacidad\/","url":"https:\/\/artuktuk.com\/politica-de-privacidad\/","name":"Pol\u00edtica de privacidad - TukTuk tours Madrid Spain","isPartOf":{"@id":"https:\/\/artuktuk.com\/#website"},"datePublished":"2025-11-11T20:57:21+00:00","dateModified":"2025-11-12T16:33:58+00:00","breadcrumb":{"@id":"https:\/\/artuktuk.com\/politica-de-privacidad\/#breadcrumb"},"inLanguage":"en-US","potentialAction":[{"@type":"ReadAction","target":["https:\/\/artuktuk.com\/politica-de-privacidad\/"]}]},{"@type":"BreadcrumbList","@id":"https:\/\/artuktuk.com\/politica-de-privacidad\/#breadcrumb","itemListElement":[{"@type":"ListItem","position":1,"name":"Portada","item":"https:\/\/artuktuk.com\/"},{"@type":"ListItem","position":2,"name":"Pol\u00edtica de privacidad"}]},{"@type":"WebSite","@id":"https:\/\/artuktuk.com\/#website","url":"https:\/\/artuktuk.com\/","name":"Artuktuk.com","description":"TukTuk tours Madrid Spain","publisher":{"@id":"https:\/\/artuktuk.com\/#organization"},"alternateName":"Artuktuk","potentialAction":[{"@type":"SearchAction","target":{"@type":"EntryPoint","urlTemplate":"https:\/\/artuktuk.com\/?s={search_term_string}"},"query-input":{"@type":"PropertyValueSpecification","valueRequired":true,"valueName":"search_term_string"}}],"inLanguage":"en-US"},{"@type":"Organization","@id":"https:\/\/artuktuk.com\/#organization","name":"Artuktuk","url":"https:\/\/artuktuk.com\/","logo":{"@type":"ImageObject","inLanguage":"en-US","@id":"https:\/\/artuktuk.com\/#\/schema\/logo\/image\/","url":"https:\/\/artuktuk.com\/wp-content\/uploads\/2025\/06\/TUK-FINAL-ChatGPT-Image-30-jun-2025-13_03_57-v2-baja-calidad.webp","contentUrl":"https:\/\/artuktuk.com\/wp-content\/uploads\/2025\/06\/TUK-FINAL-ChatGPT-Image-30-jun-2025-13_03_57-v2-baja-calidad.webp","width":1024,"height":1024,"caption":"Artuktuk"},"image":{"@id":"https:\/\/artuktuk.com\/#\/schema\/logo\/image\/"},"sameAs":["https:\/\/www.instagram.com\/artuktukk\/"]}]}},"_links":{"self":[{"href":"https:\/\/artuktuk.com\/en\/wp-json\/wp\/v2\/pages\/2190","targetHints":{"allow":["GET"]}}],"collection":[{"href":"https:\/\/artuktuk.com\/en\/wp-json\/wp\/v2\/pages"}],"about":[{"href":"https:\/\/artuktuk.com\/en\/wp-json\/wp\/v2\/types\/page"}],"author":[{"embeddable":true,"href":"https:\/\/artuktuk.com\/en\/wp-json\/wp\/v2\/users\/1"}],"replies":[{"embeddable":true,"href":"https:\/\/artuktuk.com\/en\/wp-json\/wp\/v2\/comments?post=2190"}],"version-history":[{"count":36,"href":"https:\/\/artuktuk.com\/en\/wp-json\/wp\/v2\/pages\/2190\/revisions"}],"predecessor-version":[{"id":2241,"href":"https:\/\/artuktuk.com\/en\/wp-json\/wp\/v2\/pages\/2190\/revisions\/2241"}],"wp:attachment":[{"href":"https:\/\/artuktuk.com\/en\/wp-json\/wp\/v2\/media?parent=2190"}],"curies":[{"name":"wp","href":"https:\/\/api.w.org\/{rel}","templated":true}]}}