{"id":181,"date":"2025-06-04T19:16:43","date_gmt":"2025-06-04T17:16:43","guid":{"rendered":"https:\/\/artuktuk.com\/?page_id=181"},"modified":"2026-02-11T20:08:56","modified_gmt":"2026-02-11T19:08:56","slug":"nuestros-tuk-tuk","status":"publish","type":"page","link":"https:\/\/artuktuk.com\/en\/nuestros-tuk-tuk\/","title":{"rendered":"Our Tuk Tuk\u00b4s"},"content":{"rendered":"<div data-elementor-type=\"wp-page\" data-elementor-id=\"181\" class=\"elementor elementor-181\" data-elementor-post-type=\"page\">\n\t\t\t\t<div class=\"elementor-element elementor-element-40512aa9 e-con-full e-flex e-con e-parent\" data-id=\"40512aa9\" data-element_type=\"container\" data-settings=\"{&quot;background_background&quot;:&quot;classic&quot;}\">\n\t\t<div class=\"elementor-element elementor-element-8ace32a e-con-full e-flex e-con e-child\" data-id=\"8ace32a\" data-element_type=\"container\">\n\t\t\t\t<div class=\"elementor-element elementor-element-4fd49fe0 elementor-invisible elementor-widget elementor-widget-heading\" data-id=\"4fd49fe0\" data-element_type=\"widget\" data-settings=\"{&quot;_animation&quot;:&quot;fadeIn&quot;}\" data-widget_type=\"heading.default\">\n\t\t\t\t\t<h1 class=\"elementor-heading-title elementor-size-default\">Travel in Style Through Madrid<\/h1>\t\t\t\t<\/div>\n\t\t\t\t<div class=\"elementor-element elementor-element-1420e9d9 elementor-widget__width-initial elementor-invisible elementor-widget elementor-widget-text-editor\" data-id=\"1420e9d9\" data-element_type=\"widget\" data-settings=\"{&quot;_animation&quot;:&quot;fadeIn&quot;,&quot;_animation_delay&quot;:200}\" data-widget_type=\"text-editor.default\">\n\t\t\t\t\t\t\t\t\t<h2 data-start=\"183\" data-end=\"219\">Discover Our Premium TUK TUKs<\/h2><ul><li data-start=\"221\" data-end=\"482\">At ARTUK TUK, we don\u2019t just take you through the streets of Madrid \u2014 we offer you a unique and sophisticated experience aboard our exclusive Premium TUK TUKs. Each of our vehicles has been carefully designed with your comfort, entertainment, and style in mind.<\/li><\/ul><h3 data-start=\"484\" data-end=\"528\">\u00a0<\/h3><h3 data-start=\"484\" data-end=\"528\">Features That Make the Difference<\/h3><ul data-start=\"530\" data-end=\"1474\"><li data-start=\"530\" data-end=\"738\"><p data-start=\"532\" data-end=\"738\"><strong data-start=\"532\" data-end=\"559\">BOSE\u00ae Sound System<\/strong><br data-start=\"559\" data-end=\"562\" \/>Experience the city with the perfect soundtrack. Our TUK TUKs are equipped with high-end BOSE\u00ae sound technology, delivering an immersive and premium audio experience.<\/p><\/li><li data-start=\"740\" data-end=\"966\"><p data-start=\"742\" data-end=\"966\"><strong data-start=\"742\" data-end=\"778\">Integrated TV Screen<\/strong><br data-start=\"778\" data-end=\"781\" \/>During the tour, you can view interactive maps, points of interest, and audiovisual content about Madrid\u2019s history and curiosities, directly on the onboard screen.<\/p><\/li><li data-start=\"968\" data-end=\"1159\"><p data-start=\"970\" data-end=\"1159\"><strong data-start=\"970\" data-end=\"990\">Onboard Mini Bar<\/strong><br data-start=\"990\" data-end=\"993\" \/>Enjoy refreshing drinks during the ride. Our TUK TUKs feature a carefully stocked mini bar to make your experience even more special.<\/p><\/li><li data-start=\"1161\" data-end=\"1316\"><p data-start=\"1163\" data-end=\"1316\"><strong data-start=\"1163\" data-end=\"1183\">Comfort Seats<\/strong><br data-start=\"1183\" data-end=\"1186\" \/>Relax in our ergonomic, cushioned seats, designed for you to enjoy every minute of the ride in maximum comfort<\/p><\/li><li data-start=\"1318\" data-end=\"1474\"><p data-start=\"1320\" data-end=\"1474\"><strong data-start=\"1320\" data-end=\"1349\">Modern and Elegant Design<\/strong><br data-start=\"1349\" data-end=\"1352\" \/>Our TUK TUKs stand out for their sleek design and high-quality finishes. A unique vehicle for a unique tour<\/p><\/li><\/ul>\t\t\t\t\t\t\t\t<\/div>\n\t\t\t\t<\/div>\n\t\t<div class=\"elementor-element elementor-element-62fa3fdd e-con-full e-flex e-con e-child\" data-id=\"62fa3fdd\" data-element_type=\"container\">\n\t\t<div class=\"elementor-element elementor-element-22cbec06 e-con-full e-flex e-con e-child\" data-id=\"22cbec06\" data-element_type=\"container\">\n\t\t\t\t<div class=\"elementor-element elementor-element-6de6938b elementor-widget elementor-widget-gallery\" data-id=\"6de6938b\" data-element_type=\"widget\" data-settings=\"{&quot;lazyload&quot;:&quot;yes&quot;,&quot;gallery_layout&quot;:&quot;grid&quot;,&quot;columns&quot;:4,&quot;columns_tablet&quot;:2,&quot;columns_mobile&quot;:1,&quot;gap&quot;:{&quot;unit&quot;:&quot;px&quot;,&quot;size&quot;:10,&quot;sizes&quot;:[]},&quot;gap_tablet&quot;:{&quot;unit&quot;:&quot;px&quot;,&quot;size&quot;:10,&quot;sizes&quot;:[]},&quot;gap_mobile&quot;:{&quot;unit&quot;:&quot;px&quot;,&quot;size&quot;:10,&quot;sizes&quot;:[]},&quot;link_to&quot;:&quot;file&quot;,&quot;aspect_ratio&quot;:&quot;3:2&quot;,&quot;overlay_background&quot;:&quot;yes&quot;,&quot;content_hover_animation&quot;:&quot;fade-in&quot;}\" data-widget_type=\"gallery.default\">\n\t\t\t\t\t\t\t<div class=\"elementor-gallery__container\">\n\t\t\t\t\t\t\t<a class=\"e-gallery-item elementor-gallery-item elementor-animated-content\" href=\"https:\/\/artuktuk.com\/wp-content\/uploads\/2025\/08\/Artuk-Tuk-41-scaled.jpg\" data-elementor-open-lightbox=\"yes\" data-elementor-lightbox-slideshow=\"6de6938b\" data-elementor-lightbox-title=\"Artuk Tuk 41\" data-e-action-hash=\"#elementor-action%3Aaction%3Dlightbox%26settings%3DeyJpZCI6NzQ3LCJ1cmwiOiJodHRwczpcL1wvYXJ0dWt0dWsuY29tXC93cC1jb250ZW50XC91cGxvYWRzXC8yMDI1XC8wOFwvQXJ0dWstVHVrLTQxLXNjYWxlZC5qcGciLCJzbGlkZXNob3ciOiI2ZGU2OTM4YiJ9\">\n\t\t\t\t\t<div class=\"e-gallery-image elementor-gallery-item__image\" data-thumbnail=\"https:\/\/artuktuk.com\/wp-content\/uploads\/2025\/08\/Artuk-Tuk-41-300x200.jpg\" data-width=\"300\" data-height=\"200\" aria-label=\"\" role=\"img\" ><\/div>\n\t\t\t\t\t\t\t\t\t\t\t<div class=\"elementor-gallery-item__overlay\"><\/div>\n\t\t\t\t\t\t\t\t\t\t\t\t\t\t<\/a>\n\t\t\t\t\t\t\t<a class=\"e-gallery-item elementor-gallery-item elementor-animated-content\" href=\"https:\/\/artuktuk.com\/wp-content\/uploads\/2025\/08\/Artuk-Tuk-37-scaled.jpg\" data-elementor-open-lightbox=\"yes\" data-elementor-lightbox-slideshow=\"6de6938b\" data-elementor-lightbox-title=\"Artuk Tuk 37\" data-e-action-hash=\"#elementor-action%3Aaction%3Dlightbox%26settings%3DeyJpZCI6NzQ4LCJ1cmwiOiJodHRwczpcL1wvYXJ0dWt0dWsuY29tXC93cC1jb250ZW50XC91cGxvYWRzXC8yMDI1XC8wOFwvQXJ0dWstVHVrLTM3LXNjYWxlZC5qcGciLCJzbGlkZXNob3ciOiI2ZGU2OTM4YiJ9\">\n\t\t\t\t\t<div class=\"e-gallery-image elementor-gallery-item__image\" data-thumbnail=\"https:\/\/artuktuk.com\/wp-content\/uploads\/2025\/08\/Artuk-Tuk-37-300x200.jpg\" data-width=\"300\" data-height=\"200\" aria-label=\"\" role=\"img\" ><\/div>\n\t\t\t\t\t\t\t\t\t\t\t<div class=\"elementor-gallery-item__overlay\"><\/div>\n\t\t\t\t\t\t\t\t\t\t\t\t\t\t<\/a>\n\t\t\t\t\t\t\t<a class=\"e-gallery-item elementor-gallery-item elementor-animated-content\" href=\"https:\/\/artuktuk.com\/wp-content\/uploads\/2025\/08\/Artuk-Tuk-43-scaled.jpg\" data-elementor-open-lightbox=\"yes\" data-elementor-lightbox-slideshow=\"6de6938b\" data-elementor-lightbox-title=\"Artuk Tuk 43\" data-e-action-hash=\"#elementor-action%3Aaction%3Dlightbox%26settings%3DeyJpZCI6NzUyLCJ1cmwiOiJodHRwczpcL1wvYXJ0dWt0dWsuY29tXC93cC1jb250ZW50XC91cGxvYWRzXC8yMDI1XC8wOFwvQXJ0dWstVHVrLTQzLXNjYWxlZC5qcGciLCJzbGlkZXNob3ciOiI2ZGU2OTM4YiJ9\">\n\t\t\t\t\t<div class=\"e-gallery-image elementor-gallery-item__image\" data-thumbnail=\"https:\/\/artuktuk.com\/wp-content\/uploads\/2025\/08\/Artuk-Tuk-43-300x200.jpg\" data-width=\"300\" data-height=\"200\" aria-label=\"\" role=\"img\" ><\/div>\n\t\t\t\t\t\t\t\t\t\t\t<div class=\"elementor-gallery-item__overlay\"><\/div>\n\t\t\t\t\t\t\t\t\t\t\t\t\t\t<\/a>\n\t\t\t\t\t\t\t<a class=\"e-gallery-item elementor-gallery-item elementor-animated-content\" href=\"https:\/\/artuktuk.com\/wp-content\/uploads\/2025\/08\/Artuk-Tuk-40-scaled.jpg\" data-elementor-open-lightbox=\"yes\" data-elementor-lightbox-slideshow=\"6de6938b\" data-elementor-lightbox-title=\"Artuk Tuk 40\" data-e-action-hash=\"#elementor-action%3Aaction%3Dlightbox%26settings%3DeyJpZCI6NzUxLCJ1cmwiOiJodHRwczpcL1wvYXJ0dWt0dWsuY29tXC93cC1jb250ZW50XC91cGxvYWRzXC8yMDI1XC8wOFwvQXJ0dWstVHVrLTQwLXNjYWxlZC5qcGciLCJzbGlkZXNob3ciOiI2ZGU2OTM4YiJ9\">\n\t\t\t\t\t<div class=\"e-gallery-image elementor-gallery-item__image\" data-thumbnail=\"https:\/\/artuktuk.com\/wp-content\/uploads\/2025\/08\/Artuk-Tuk-40-300x200.jpg\" data-width=\"300\" data-height=\"200\" aria-label=\"\" role=\"img\" ><\/div>\n\t\t\t\t\t\t\t\t\t\t\t<div class=\"elementor-gallery-item__overlay\"><\/div>\n\t\t\t\t\t\t\t\t\t\t\t\t\t\t<\/a>\n\t\t\t\t\t\t\t<a class=\"e-gallery-item elementor-gallery-item elementor-animated-content\" href=\"https:\/\/artuktuk.com\/wp-content\/uploads\/2025\/08\/Artuk-Tuk-38-scaled.jpg\" data-elementor-open-lightbox=\"yes\" data-elementor-lightbox-slideshow=\"6de6938b\" data-elementor-lightbox-title=\"Artuk Tuk 38\" data-e-action-hash=\"#elementor-action%3Aaction%3Dlightbox%26settings%3DeyJpZCI6NzQ5LCJ1cmwiOiJodHRwczpcL1wvYXJ0dWt0dWsuY29tXC93cC1jb250ZW50XC91cGxvYWRzXC8yMDI1XC8wOFwvQXJ0dWstVHVrLTM4LXNjYWxlZC5qcGciLCJzbGlkZXNob3ciOiI2ZGU2OTM4YiJ9\">\n\t\t\t\t\t<div class=\"e-gallery-image elementor-gallery-item__image\" data-thumbnail=\"https:\/\/artuktuk.com\/wp-content\/uploads\/2025\/08\/Artuk-Tuk-38-200x300.jpg\" data-width=\"200\" data-height=\"300\" aria-label=\"\" role=\"img\" ><\/div>\n\t\t\t\t\t\t\t\t\t\t\t<div class=\"elementor-gallery-item__overlay\"><\/div>\n\t\t\t\t\t\t\t\t\t\t\t\t\t\t<\/a>\n\t\t\t\t\t\t\t<a class=\"e-gallery-item elementor-gallery-item elementor-animated-content\" href=\"https:\/\/artuktuk.com\/wp-content\/uploads\/2025\/08\/Artuk-Tuk-39-scaled.jpg\" data-elementor-open-lightbox=\"yes\" data-elementor-lightbox-slideshow=\"6de6938b\" data-elementor-lightbox-title=\"Artuk Tuk 39\" data-e-action-hash=\"#elementor-action%3Aaction%3Dlightbox%26settings%3DeyJpZCI6NzUwLCJ1cmwiOiJodHRwczpcL1wvYXJ0dWt0dWsuY29tXC93cC1jb250ZW50XC91cGxvYWRzXC8yMDI1XC8wOFwvQXJ0dWstVHVrLTM5LXNjYWxlZC5qcGciLCJzbGlkZXNob3ciOiI2ZGU2OTM4YiJ9\">\n\t\t\t\t\t<div class=\"e-gallery-image elementor-gallery-item__image\" data-thumbnail=\"https:\/\/artuktuk.com\/wp-content\/uploads\/2025\/08\/Artuk-Tuk-39-300x200.jpg\" data-width=\"300\" data-height=\"200\" aria-label=\"\" role=\"img\" ><\/div>\n\t\t\t\t\t\t\t\t\t\t\t<div class=\"elementor-gallery-item__overlay\"><\/div>\n\t\t\t\t\t\t\t\t\t\t\t\t\t\t<\/a>\n\t\t\t\t\t\t\t<a class=\"e-gallery-item elementor-gallery-item elementor-animated-content\" href=\"https:\/\/artuktuk.com\/wp-content\/uploads\/2025\/08\/Artuk-Tuk-30-scaled.jpg\" data-elementor-open-lightbox=\"yes\" data-elementor-lightbox-slideshow=\"6de6938b\" data-elementor-lightbox-title=\"Artuk Tuk 30\" data-e-action-hash=\"#elementor-action%3Aaction%3Dlightbox%26settings%3DeyJpZCI6ODA1LCJ1cmwiOiJodHRwczpcL1wvYXJ0dWt0dWsuY29tXC93cC1jb250ZW50XC91cGxvYWRzXC8yMDI1XC8wOFwvQXJ0dWstVHVrLTMwLXNjYWxlZC5qcGciLCJzbGlkZXNob3ciOiI2ZGU2OTM4YiJ9\">\n\t\t\t\t\t<div class=\"e-gallery-image elementor-gallery-item__image\" data-thumbnail=\"https:\/\/artuktuk.com\/wp-content\/uploads\/2025\/08\/Artuk-Tuk-30-300x200.jpg\" data-width=\"300\" data-height=\"200\" aria-label=\"\" role=\"img\" ><\/div>\n\t\t\t\t\t\t\t\t\t\t\t<div class=\"elementor-gallery-item__overlay\"><\/div>\n\t\t\t\t\t\t\t\t\t\t\t\t\t\t<\/a>\n\t\t\t\t\t\t\t<a class=\"e-gallery-item elementor-gallery-item elementor-animated-content\" href=\"https:\/\/artuktuk.com\/wp-content\/uploads\/2025\/08\/Artuk-Tuk-3-scaled.jpg\" data-elementor-open-lightbox=\"yes\" data-elementor-lightbox-slideshow=\"6de6938b\" data-elementor-lightbox-title=\"Artuk Tuk 3\" data-e-action-hash=\"#elementor-action%3Aaction%3Dlightbox%26settings%3DeyJpZCI6ODY3LCJ1cmwiOiJodHRwczpcL1wvYXJ0dWt0dWsuY29tXC93cC1jb250ZW50XC91cGxvYWRzXC8yMDI1XC8wOFwvQXJ0dWstVHVrLTMtc2NhbGVkLmpwZyIsInNsaWRlc2hvdyI6IjZkZTY5MzhiIn0%3D\">\n\t\t\t\t\t<div class=\"e-gallery-image elementor-gallery-item__image\" data-thumbnail=\"https:\/\/artuktuk.com\/wp-content\/uploads\/2025\/08\/Artuk-Tuk-3-300x200.jpg\" data-width=\"300\" data-height=\"200\" aria-label=\"\" role=\"img\" ><\/div>\n\t\t\t\t\t\t\t\t\t\t\t<div class=\"elementor-gallery-item__overlay\"><\/div>\n\t\t\t\t\t\t\t\t\t\t\t\t\t\t<\/a>\n\t\t\t\t\t<\/div>\n\t\t\t\t\t<\/div>\n\t\t<div class=\"elementor-element elementor-element-1071442 e-con-full e-flex e-con e-child\" data-id=\"1071442\" data-element_type=\"container\">\n\t\t\t\t<div class=\"elementor-element elementor-element-65599e6 elementor-widget-divider--view-line elementor-widget elementor-widget-divider\" data-id=\"65599e6\" data-element_type=\"widget\" data-widget_type=\"divider.default\">\n\t\t\t\t\t\t\t<div class=\"elementor-divider\">\n\t\t\t<span class=\"elementor-divider-separator\">\n\t\t\t\t\t\t<\/span>\n\t\t<\/div>\n\t\t\t\t\t\t<\/div>\n\t\t<div class=\"elementor-element elementor-element-b585078 e-con-full e-flex e-con e-child\" data-id=\"b585078\" data-element_type=\"container\">\n\t\t<div class=\"elementor-element elementor-element-014d4ba e-con-full e-flex e-con e-child\" data-id=\"014d4ba\" data-element_type=\"container\">\n\t\t\t\t<div class=\"elementor-element elementor-element-4bcf33f elementor-shape-rounded elementor-grid-0 e-grid-align-center elementor-widget elementor-widget-social-icons\" data-id=\"4bcf33f\" data-element_type=\"widget\" data-widget_type=\"social-icons.default\">\n\t\t\t\t\t\t\t<div class=\"elementor-social-icons-wrapper elementor-grid\" role=\"list\">\n\t\t\t\t\t\t\t<span class=\"elementor-grid-item\" role=\"listitem\">\n\t\t\t\t\t<a class=\"elementor-icon elementor-social-icon elementor-social-icon-google elementor-repeater-item-ec39991\" href=\"https:\/\/g.page\/r\/CYp9albEocOuEBM\/review\" target=\"_blank\">\n\t\t\t\t\t\t<span class=\"elementor-screen-only\">Google<\/span>\n\t\t\t\t\t\t<svg aria-hidden=\"true\" class=\"e-font-icon-svg e-fab-google\" viewbox=\"0 0 488 512\" xmlns=\"http:\/\/www.w3.org\/2000\/svg\"><path d=\"M488 261.8C488 403.3 391.1 504 248 504 110.8 504 0 393.2 0 256S110.8 8 248 8c66.8 0 123 24.5 166.3 64.9l-67.5 64.9C258.5 52.6 94.3 116.6 94.3 256c0 86.5 69.1 156.6 153.7 156.6 98.2 0 135-70.4 140.8-106.9H248v-85.3h236.1c2.3 12.7 3.9 24.9 3.9 41.4z\"><\/path><\/svg>\t\t\t\t\t<\/a>\n\t\t\t\t<\/span>\n\t\t\t\t\t\t\t<span class=\"elementor-grid-item\" role=\"listitem\">\n\t\t\t\t\t<a class=\"elementor-icon elementor-social-icon elementor-social-icon-instagram elementor-repeater-item-c996bf1\" href=\"https:\/\/www.instagram.com\/artuktukk\/\" target=\"_blank\" rel=\"noopener\">\n\t\t\t\t\t\t<span class=\"elementor-screen-only\">Instagram<\/span>\n\t\t\t\t\t\t<svg aria-hidden=\"true\" class=\"e-font-icon-svg e-fab-instagram\" viewbox=\"0 0 448 512\" xmlns=\"http:\/\/www.w3.org\/2000\/svg\"><path d=\"M224.1 141c-63.6 0-114.9 51.3-114.9 114.9s51.3 114.9 114.9 114.9S339 319.5 339 255.9 287.7 141 224.1 141zm0 189.6c-41.1 0-74.7-33.5-74.7-74.7s33.5-74.7 74.7-74.7 74.7 33.5 74.7 74.7-33.6 74.7-74.7 74.7zm146.4-194.3c0 14.9-12 26.8-26.8 26.8-14.9 0-26.8-12-26.8-26.8s12-26.8 26.8-26.8 26.8 12 26.8 26.8zm76.1 27.2c-1.7-35.9-9.9-67.7-36.2-93.9-26.2-26.2-58-34.4-93.9-36.2-37-2.1-147.9-2.1-184.9 0-35.8 1.7-67.6 9.9-93.9 36.1s-34.4 58-36.2 93.9c-2.1 37-2.1 147.9 0 184.9 1.7 35.9 9.9 67.7 36.2 93.9s58 34.4 93.9 36.2c37 2.1 147.9 2.1 184.9 0 35.9-1.7 67.7-9.9 93.9-36.2 26.2-26.2 34.4-58 36.2-93.9 2.1-37 2.1-147.8 0-184.8zM398.8 388c-7.8 19.6-22.9 34.7-42.6 42.6-29.5 11.7-99.5 9-132.1 9s-102.7 2.6-132.1-9c-19.6-7.8-34.7-22.9-42.6-42.6-11.7-29.5-9-99.5-9-132.1s-2.6-102.7 9-132.1c7.8-19.6 22.9-34.7 42.6-42.6 29.5-11.7 99.5-9 132.1-9s102.7-2.6 132.1 9c19.6 7.8 34.7 22.9 42.6 42.6 11.7 29.5 9 99.5 9 132.1s2.7 102.7-9 132.1z\"><\/path><\/svg>\t\t\t\t\t<\/a>\n\t\t\t\t<\/span>\n\t\t\t\t\t<\/div>\n\t\t\t\t\t\t<\/div>\n\t\t\t\t<\/div>\n\t\t\t\t<\/div>\n\t\t\t\t<div class=\"elementor-element elementor-element-f5de677 elementor-widget-divider--view-line elementor-widget elementor-widget-divider\" data-id=\"f5de677\" data-element_type=\"widget\" data-widget_type=\"divider.default\">\n\t\t\t\t\t\t\t<div class=\"elementor-divider\">\n\t\t\t<span class=\"elementor-divider-separator\">\n\t\t\t\t\t\t<\/span>\n\t\t<\/div>\n\t\t\t\t\t\t<\/div>\n\t\t\t\t<\/div>\n\t\t\t\t<\/div>\n\t\t<div class=\"elementor-element elementor-element-12752c0 e-con-full e-flex e-con e-child\" data-id=\"12752c0\" data-element_type=\"container\">\n\t\t\t\t<div class=\"elementor-element elementor-element-b50d89b elementor-widget elementor-widget-image\" data-id=\"b50d89b\" data-element_type=\"widget\" data-widget_type=\"image.default\">\n\t\t\t\t\t\t\t\t\t\t\t\t\t\t\t<img decoding=\"async\" src=\"https:\/\/artuktuk.com\/wp-content\/uploads\/elementor\/thumbs\/Artuk-Tuk-41-scaled-rj0gjci1u7hr1v7dnsc1vl6seif2phay9l7r6jkuii.jpg\" title=\"Artuk Tuk 41\" alt=\"Artuk Tuk 41\" loading=\"lazy\" \/>\t\t\t\t\t\t\t\t\t\t\t\t\t\t\t<\/div>\n\t\t\t\t<\/div>\n\t\t\t\t<\/div>\n\t\t\t\t<\/div>\n\t\t<div class=\"elementor-element elementor-element-0c68683 e-flex e-con-boxed e-con e-parent\" data-id=\"0c68683\" data-element_type=\"container\">\n\t\t\t\t\t<div class=\"e-con-inner\">\n\t\t\t\t<div class=\"elementor-element elementor-element-c2422b0 elementor-widget-divider--view-line elementor-widget elementor-widget-divider\" data-id=\"c2422b0\" data-element_type=\"widget\" data-widget_type=\"divider.default\">\n\t\t\t\t\t\t\t<div class=\"elementor-divider\">\n\t\t\t<span class=\"elementor-divider-separator\">\n\t\t\t\t\t\t<\/span>\n\t\t<\/div>\n\t\t\t\t\t\t<\/div>\n\t\t\t\t\t<\/div>\n\t\t\t\t<\/div>\n\t\t\t\t<\/div>","protected":false},"excerpt":{"rendered":"<p>Viaja con estilo por Madrid Descubre nuestros TUK TUK Premium En ARTUK TUK no solo te llevamos por las calles de Madrid, te ofrecemos una experiencia \u00fanica y sofisticada a bordo de nuestros exclusivos TUK TUK Premium. Cada uno de nuestros veh\u00edculos ha sido dise\u00f1ado pensando en tu comodidad, el entretenimiento y el estilo. \u00a0 [&hellip;]<\/p>","protected":false},"author":1,"featured_media":0,"parent":0,"menu_order":0,"comment_status":"closed","ping_status":"closed","template":"","meta":{"_acf_changed":false,"footnotes":""},"class_list":["post-181","page","type-page","status-publish","hentry"],"acf":[],"yoast_head":"<!-- This site is optimized with the Yoast SEO plugin v26.8 - https:\/\/yoast.com\/product\/yoast-seo-wordpress\/ -->\n<title>Nuestros Tuk Tuk - TukTuk tours Madrid Spain<\/title>\n<meta name=\"robots\" content=\"index, follow, max-snippet:-1, max-image-preview:large, max-video-preview:-1\" \/>\n<link rel=\"canonical\" href=\"https:\/\/artuktuk.com\/en\/nuestros-tuk-tuk\/\" \/>\n<meta property=\"og:locale\" content=\"en_US\" \/>\n<meta property=\"og:type\" content=\"article\" \/>\n<meta property=\"og:title\" content=\"Nuestros Tuk Tuk - TukTuk tours Madrid Spain\" \/>\n<meta property=\"og:description\" content=\"Viaja con estilo por Madrid Descubre nuestros TUK TUK Premium En ARTUK TUK no solo te llevamos por las calles de Madrid, te ofrecemos una experiencia \u00fanica y sofisticada a bordo de nuestros exclusivos TUK TUK Premium. Cada uno de nuestros veh\u00edculos ha sido dise\u00f1ado pensando en tu comodidad, el entretenimiento y el estilo. \u00a0 [&hellip;]\" \/>\n<meta property=\"og:url\" content=\"https:\/\/artuktuk.com\/en\/nuestros-tuk-tuk\/\" \/>\n<meta property=\"og:site_name\" content=\"Artuktuk\" \/>\n<meta property=\"article:modified_time\" content=\"2026-02-11T19:08:56+00:00\" \/>\n<meta property=\"og:image\" content=\"https:\/\/artuktuk.com\/wp-content\/uploads\/elementor\/thumbs\/Artuk-Tuk-41-scaled-rj0eaemdbsovaoryassl60huw1d7vrz1syujgrlabe.jpg\" \/>\n<meta name=\"twitter:card\" content=\"summary_large_image\" \/>\n<meta name=\"twitter:label1\" content=\"Est. reading time\" \/>\n\t<meta name=\"twitter:data1\" content=\"1 minute\" \/>\n<script type=\"application\/ld+json\" class=\"yoast-schema-graph\">{\"@context\":\"https:\/\/schema.org\",\"@graph\":[{\"@type\":\"WebPage\",\"@id\":\"https:\/\/artuktuk.com\/nuestros-tuk-tuk\/\",\"url\":\"https:\/\/artuktuk.com\/nuestros-tuk-tuk\/\",\"name\":\"Nuestros Tuk Tuk - TukTuk tours Madrid Spain\",\"isPartOf\":{\"@id\":\"https:\/\/artuktuk.com\/#website\"},\"primaryImageOfPage\":{\"@id\":\"https:\/\/artuktuk.com\/nuestros-tuk-tuk\/#primaryimage\"},\"image\":{\"@id\":\"https:\/\/artuktuk.com\/nuestros-tuk-tuk\/#primaryimage\"},\"thumbnailUrl\":\"https:\/\/artuktuk.com\/wp-content\/uploads\/elementor\/thumbs\/Artuk-Tuk-41-scaled-rj0eaemdbsovaoryassl60huw1d7vrz1syujgrlabe.jpg\",\"datePublished\":\"2025-06-04T17:16:43+00:00\",\"dateModified\":\"2026-02-11T19:08:56+00:00\",\"breadcrumb\":{\"@id\":\"https:\/\/artuktuk.com\/nuestros-tuk-tuk\/#breadcrumb\"},\"inLanguage\":\"en-US\",\"potentialAction\":[{\"@type\":\"ReadAction\",\"target\":[\"https:\/\/artuktuk.com\/nuestros-tuk-tuk\/\"]}]},{\"@type\":\"ImageObject\",\"inLanguage\":\"en-US\",\"@id\":\"https:\/\/artuktuk.com\/nuestros-tuk-tuk\/#primaryimage\",\"url\":\"https:\/\/artuktuk.com\/wp-content\/uploads\/elementor\/thumbs\/Artuk-Tuk-41-scaled-rj0eaemdbsovaoryassl60huw1d7vrz1syujgrlabe.jpg\",\"contentUrl\":\"https:\/\/artuktuk.com\/wp-content\/uploads\/elementor\/thumbs\/Artuk-Tuk-41-scaled-rj0eaemdbsovaoryassl60huw1d7vrz1syujgrlabe.jpg\"},{\"@type\":\"BreadcrumbList\",\"@id\":\"https:\/\/artuktuk.com\/nuestros-tuk-tuk\/#breadcrumb\",\"itemListElement\":[{\"@type\":\"ListItem\",\"position\":1,\"name\":\"Portada\",\"item\":\"https:\/\/artuktuk.com\/\"},{\"@type\":\"ListItem\",\"position\":2,\"name\":\"Nuestros Tuk Tuk\"}]},{\"@type\":\"WebSite\",\"@id\":\"https:\/\/artuktuk.com\/#website\",\"url\":\"https:\/\/artuktuk.com\/\",\"name\":\"Artuktuk.com\",\"description\":\"TukTuk tours Madrid Spain\",\"publisher\":{\"@id\":\"https:\/\/artuktuk.com\/#organization\"},\"alternateName\":\"Artuktuk\",\"potentialAction\":[{\"@type\":\"SearchAction\",\"target\":{\"@type\":\"EntryPoint\",\"urlTemplate\":\"https:\/\/artuktuk.com\/?s={search_term_string}\"},\"query-input\":{\"@type\":\"PropertyValueSpecification\",\"valueRequired\":true,\"valueName\":\"search_term_string\"}}],\"inLanguage\":\"en-US\"},{\"@type\":\"Organization\",\"@id\":\"https:\/\/artuktuk.com\/#organization\",\"name\":\"Artuktuk\",\"url\":\"https:\/\/artuktuk.com\/\",\"logo\":{\"@type\":\"ImageObject\",\"inLanguage\":\"en-US\",\"@id\":\"https:\/\/artuktuk.com\/#\/schema\/logo\/image\/\",\"url\":\"https:\/\/artuktuk.com\/wp-content\/uploads\/2025\/06\/TUK-FINAL-ChatGPT-Image-30-jun-2025-13_03_57-v2-baja-calidad.webp\",\"contentUrl\":\"https:\/\/artuktuk.com\/wp-content\/uploads\/2025\/06\/TUK-FINAL-ChatGPT-Image-30-jun-2025-13_03_57-v2-baja-calidad.webp\",\"width\":1024,\"height\":1024,\"caption\":\"Artuktuk\"},\"image\":{\"@id\":\"https:\/\/artuktuk.com\/#\/schema\/logo\/image\/\"},\"sameAs\":[\"https:\/\/www.instagram.com\/artuktukk\/\"]}]}<\/script>\n<!-- \/ Yoast SEO plugin. -->","yoast_head_json":{"title":"Nuestros Tuk Tuk - TukTuk tours Madrid Spain","robots":{"index":"index","follow":"follow","max-snippet":"max-snippet:-1","max-image-preview":"max-image-preview:large","max-video-preview":"max-video-preview:-1"},"canonical":"https:\/\/artuktuk.com\/en\/nuestros-tuk-tuk\/","og_locale":"en_US","og_type":"article","og_title":"Nuestros Tuk Tuk - TukTuk tours Madrid Spain","og_description":"Viaja con estilo por Madrid Descubre nuestros TUK TUK Premium En ARTUK TUK no solo te llevamos por las calles de Madrid, te ofrecemos una experiencia \u00fanica y sofisticada a bordo de nuestros exclusivos TUK TUK Premium. Cada uno de nuestros veh\u00edculos ha sido dise\u00f1ado pensando en tu comodidad, el entretenimiento y el estilo. \u00a0 [&hellip;]","og_url":"https:\/\/artuktuk.com\/en\/nuestros-tuk-tuk\/","og_site_name":"Artuktuk","article_modified_time":"2026-02-11T19:08:56+00:00","og_image":[{"url":"https:\/\/artuktuk.com\/wp-content\/uploads\/elementor\/thumbs\/Artuk-Tuk-41-scaled-rj0eaemdbsovaoryassl60huw1d7vrz1syujgrlabe.jpg","type":"","width":"","height":""}],"twitter_card":"summary_large_image","twitter_misc":{"Est. reading time":"1 minute"},"schema":{"@context":"https:\/\/schema.org","@graph":[{"@type":"WebPage","@id":"https:\/\/artuktuk.com\/nuestros-tuk-tuk\/","url":"https:\/\/artuktuk.com\/nuestros-tuk-tuk\/","name":"Nuestros Tuk Tuk - TukTuk tours Madrid Spain","isPartOf":{"@id":"https:\/\/artuktuk.com\/#website"},"primaryImageOfPage":{"@id":"https:\/\/artuktuk.com\/nuestros-tuk-tuk\/#primaryimage"},"image":{"@id":"https:\/\/artuktuk.com\/nuestros-tuk-tuk\/#primaryimage"},"thumbnailUrl":"https:\/\/artuktuk.com\/wp-content\/uploads\/elementor\/thumbs\/Artuk-Tuk-41-scaled-rj0eaemdbsovaoryassl60huw1d7vrz1syujgrlabe.jpg","datePublished":"2025-06-04T17:16:43+00:00","dateModified":"2026-02-11T19:08:56+00:00","breadcrumb":{"@id":"https:\/\/artuktuk.com\/nuestros-tuk-tuk\/#breadcrumb"},"inLanguage":"en-US","potentialAction":[{"@type":"ReadAction","target":["https:\/\/artuktuk.com\/nuestros-tuk-tuk\/"]}]},{"@type":"ImageObject","inLanguage":"en-US","@id":"https:\/\/artuktuk.com\/nuestros-tuk-tuk\/#primaryimage","url":"https:\/\/artuktuk.com\/wp-content\/uploads\/elementor\/thumbs\/Artuk-Tuk-41-scaled-rj0eaemdbsovaoryassl60huw1d7vrz1syujgrlabe.jpg","contentUrl":"https:\/\/artuktuk.com\/wp-content\/uploads\/elementor\/thumbs\/Artuk-Tuk-41-scaled-rj0eaemdbsovaoryassl60huw1d7vrz1syujgrlabe.jpg"},{"@type":"BreadcrumbList","@id":"https:\/\/artuktuk.com\/nuestros-tuk-tuk\/#breadcrumb","itemListElement":[{"@type":"ListItem","position":1,"name":"Portada","item":"https:\/\/artuktuk.com\/"},{"@type":"ListItem","position":2,"name":"Nuestros Tuk Tuk"}]},{"@type":"WebSite","@id":"https:\/\/artuktuk.com\/#website","url":"https:\/\/artuktuk.com\/","name":"Artuktuk.com","description":"TukTuk tours Madrid Spain","publisher":{"@id":"https:\/\/artuktuk.com\/#organization"},"alternateName":"Artuktuk","potentialAction":[{"@type":"SearchAction","target":{"@type":"EntryPoint","urlTemplate":"https:\/\/artuktuk.com\/?s={search_term_string}"},"query-input":{"@type":"PropertyValueSpecification","valueRequired":true,"valueName":"search_term_string"}}],"inLanguage":"en-US"},{"@type":"Organization","@id":"https:\/\/artuktuk.com\/#organization","name":"Artuktuk","url":"https:\/\/artuktuk.com\/","logo":{"@type":"ImageObject","inLanguage":"en-US","@id":"https:\/\/artuktuk.com\/#\/schema\/logo\/image\/","url":"https:\/\/artuktuk.com\/wp-content\/uploads\/2025\/06\/TUK-FINAL-ChatGPT-Image-30-jun-2025-13_03_57-v2-baja-calidad.webp","contentUrl":"https:\/\/artuktuk.com\/wp-content\/uploads\/2025\/06\/TUK-FINAL-ChatGPT-Image-30-jun-2025-13_03_57-v2-baja-calidad.webp","width":1024,"height":1024,"caption":"Artuktuk"},"image":{"@id":"https:\/\/artuktuk.com\/#\/schema\/logo\/image\/"},"sameAs":["https:\/\/www.instagram.com\/artuktukk\/"]}]}},"_links":{"self":[{"href":"https:\/\/artuktuk.com\/en\/wp-json\/wp\/v2\/pages\/181","targetHints":{"allow":["GET"]}}],"collection":[{"href":"https:\/\/artuktuk.com\/en\/wp-json\/wp\/v2\/pages"}],"about":[{"href":"https:\/\/artuktuk.com\/en\/wp-json\/wp\/v2\/types\/page"}],"author":[{"embeddable":true,"href":"https:\/\/artuktuk.com\/en\/wp-json\/wp\/v2\/users\/1"}],"replies":[{"embeddable":true,"href":"https:\/\/artuktuk.com\/en\/wp-json\/wp\/v2\/comments?post=181"}],"version-history":[{"count":112,"href":"https:\/\/artuktuk.com\/en\/wp-json\/wp\/v2\/pages\/181\/revisions"}],"predecessor-version":[{"id":2455,"href":"https:\/\/artuktuk.com\/en\/wp-json\/wp\/v2\/pages\/181\/revisions\/2455"}],"wp:attachment":[{"href":"https:\/\/artuktuk.com\/en\/wp-json\/wp\/v2\/media?parent=181"}],"curies":[{"name":"wp","href":"https:\/\/api.w.org\/{rel}","templated":true}]}}